{"id":242,"date":"2016-02-21T17:06:02","date_gmt":"2016-02-21T16:06:02","guid":{"rendered":"http:\/\/kaffenberger.de\/?page_id=242"},"modified":"2016-02-21T17:06:41","modified_gmt":"2016-02-21T16:06:41","slug":"urheberrechtshinweis","status":"publish","type":"page","link":"https:\/\/kaffenberger.de\/?page_id=242","title":{"rendered":"Urheberrechtshinweis"},"content":{"rendered":"<p id=\"copyrighthinweis_all\"><strong>Urheberrechtshinweis<\/strong><\/p>\n<p>Alle Inhalte dieses Internetangebotes, insbesondere Texte, Fotografien und Grafiken, sind urheberrechtlich gesch\u00fctzt (Copyright). Das Urheberrecht liegt, soweit nicht ausdr\u00fccklich anders gekennzeichnet, bei Fam Kaffenberger. Bitte fragen Sie \u00fcber die Kontaktanfrage, falls Sie die Inhalte dieses Internetangebotes verwenden m\u00f6chten.<\/p>\n<p>Wer gegen das Urheberrecht verst\u00f6\u00dft (z.B. die Inhalte unerlaubt auf die eigene Homepage kopiert), macht sich gem. <a href=\"http:\/\/www.gesetze-im-internet.de\/urhg\/__106.html\" target=\"_blank\">\u00a7 106 ff Urhebergesetz<\/a> strafbar. Er wird zudem kostenpflichtig abgemahnt und muss Schadensersatz leisten. Kopien von Inhalten k\u00f6nnen im Internet ohne gro\u00dfen Aufwand verfolgt werden.<\/p>\n<p>21.02.2016<\/p>\n","protected":false},"excerpt":{"rendered":"<p>Urheberrechtshinweis Alle Inhalte dieses Internetangebotes, insbesondere Texte, Fotografien und Grafiken, sind urheberrechtlich gesch\u00fctzt (Copyright). Das Urheberrecht liegt, soweit nicht ausdr\u00fccklich anders gekennzeichnet, bei Fam Kaffenberger. Bitte fragen Sie \u00fcber die Kontaktanfrage, falls Sie die Inhalte dieses Internetangebotes verwenden m\u00f6chten. Wer &hellip; <a href=\"https:\/\/kaffenberger.de\/?page_id=242\">Weiterlesen <span class=\"meta-nav\">&rarr;<\/span><\/a><\/p>\n","protected":false},"author":1,"featured_media":0,"parent":0,"menu_order":0,"comment_status":"closed","ping_status":"closed","template":"","meta":{"footnotes":""},"_links":{"self":[{"href":"https:\/\/kaffenberger.de\/index.php?rest_route=\/wp\/v2\/pages\/242"}],"collection":[{"href":"https:\/\/kaffenberger.de\/index.php?rest_route=\/wp\/v2\/pages"}],"about":[{"href":"https:\/\/kaffenberger.de\/index.php?rest_route=\/wp\/v2\/types\/page"}],"author":[{"embeddable":true,"href":"https:\/\/kaffenberger.de\/index.php?rest_route=\/wp\/v2\/users\/1"}],"replies":[{"embeddable":true,"href":"https:\/\/kaffenberger.de\/index.php?rest_route=%2Fwp%2Fv2%2Fcomments&post=242"}],"version-history":[{"count":2,"href":"https:\/\/kaffenberger.de\/index.php?rest_route=\/wp\/v2\/pages\/242\/revisions"}],"predecessor-version":[{"id":244,"href":"https:\/\/kaffenberger.de\/index.php?rest_route=\/wp\/v2\/pages\/242\/revisions\/244"}],"wp:attachment":[{"href":"https:\/\/kaffenberger.de\/index.php?rest_route=%2Fwp%2Fv2%2Fmedia&parent=242"}],"curies":[{"name":"wp","href":"https:\/\/api.w.org\/{rel}","templated":true}]}}